{"id":98988,"date":"2026-05-07T22:26:30","date_gmt":"2026-05-07T19:26:30","guid":{"rendered":"https:\/\/nautical.store\/toode\/pellep-naisten-dock-shortsit\/"},"modified":"2026-05-07T22:26:30","modified_gmt":"2026-05-07T19:26:30","slug":"pellep-naisten-dock-shortsit","status":"publish","type":"product","link":"https:\/\/nautical.store\/fi\/tuote\/pellep-naisten-dock-shortsit\/","title":{"rendered":"PelleP Naisten Dock\u2011shortsit"},"content":{"rendered":"<p data-start=\"0\" data-end=\"251\">Mukavat ja kevyet shortsit kes\u00e4p\u00e4iviin. Pehme\u00e4, kevyesti teksturoitu seersucker jersey -kangas tuntuu miellytt\u00e4v\u00e4lt\u00e4 ihoa vasten ja hengitt\u00e4\u00e4 hyvin my\u00f6s l\u00e4mpim\u00e4ll\u00e4 s\u00e4\u00e4ll\u00e4. Joustava vy\u00f6t\u00e4r\u00f6 ja s\u00e4\u00e4dett\u00e4v\u00e4 ny\u00f6ri takaavat mukavan istuvuuden koko p\u00e4iv\u00e4ksi.<\/p>\n<p data-start=\"253\" data-end=\"450\">Kaksi etutaskua pit\u00e4v\u00e4t t\u00e4rke\u00e4t pientavarat helposti mukana. T\u00e4ydellinen valinta rannalle, k\u00e4velylle tai rentoon vapaa-aikaan. Yhdist\u00e4 muihin Dock-sarjan tuotteisiin luodaksesi yhten\u00e4isen kes\u00e4asun.<\/p>\n<p data-start=\"452\" data-end=\"499\">Istuvuus:<br \/>\n\u2022 Normaali istuvuus, vastaa kokoaan<\/p>\n<p data-start=\"501\" data-end=\"771\">Ominaisuudet:<br \/>\n\u2022 Pehme\u00e4 seersucker jersey -materiaali<br data-start=\"553\" data-end=\"556\" \/>\u2022 Joustava vy\u00f6t\u00e4r\u00f6 s\u00e4\u00e4dett\u00e4v\u00e4ll\u00e4 ny\u00f6rill\u00e4<br data-start=\"597\" data-end=\"600\" \/>\u2022 Kaksi etutaskua<br data-start=\"617\" data-end=\"620\" \/>\u2022 Flatlock-saumat<br data-start=\"637\" data-end=\"640\" \/>\u2022 Pelle P -metallilogo vasemmassa lahkeessa<br data-start=\"683\" data-end=\"686\" \/>\u2022 Pelle P -logobrodeeraus takana vy\u00f6t\u00e4r\u00f6n alla<br data-start=\"732\" data-end=\"735\" \/>\u2022 Kontrastiv\u00e4riset vahvikeompeleet<\/p>\n<p data-start=\"773\" data-end=\"815\" data-is-last-node=\"\" data-is-only-node=\"\">Materiaali:<br \/>\n\u2022 95 % puuvilla, 5 % elastaani<\/p>\n","protected":false},"excerpt":{"rendered":"<p>Mukavat ja kevyet shortsit kes\u00e4p\u00e4iviin. Pehme\u00e4, kevyesti teksturoitu seersucker jersey -kangas tuntuu miellytt\u00e4v\u00e4lt\u00e4 ihoa vasten ja hengitt\u00e4\u00e4 hyvin my\u00f6s l\u00e4mpim\u00e4ll\u00e4 s\u00e4\u00e4ll\u00e4. Joustava vy\u00f6t\u00e4r\u00f6 ja s\u00e4\u00e4dett\u00e4v\u00e4 ny\u00f6ri takaavat mukavan istuvuuden koko p\u00e4iv\u00e4ksi. Kaksi etutaskua pit\u00e4v\u00e4t t\u00e4rke\u00e4t pientavarat helposti mukana. T\u00e4ydellinen valinta rannalle, k\u00e4velylle tai rentoon vapaa-aikaan. Yhdist\u00e4 muihin Dock-sarjan tuotteisiin luodaksesi yhten\u00e4isen kes\u00e4asun. Istuvuus: \u2022 Normaali [&hellip;]<\/p>\n","protected":false},"featured_media":98981,"template":"","meta":{"_acf_changed":false},"pwb-brand":[838],"product_brand":[],"product_cat":[640,827,588],"product_tag":[],"woo-feed-brand":[],"class_list":{"0":"post-98988","1":"product","2":"type-product","3":"status-publish","4":"has-post-thumbnail","6":"pwb-brand-pelle-petterson-fi","7":"product_cat-housut-fi","8":"product_cat-naiset","9":"product_cat-uutuudet","11":"first","12":"instock","13":"taxable","14":"shipping-taxable","15":"purchasable","16":"product-type-variable","17":"wvs-archive-product-wrapper"},"acf":[],"brands":[{"id":838,"name":"Pelle Petterson","slug":"pelle-petterson-fi"}],"_links":{"self":[{"href":"https:\/\/nautical.store\/fi\/wp-json\/wp\/v2\/product\/98988","targetHints":{"allow":["GET"]}}],"collection":[{"href":"https:\/\/nautical.store\/fi\/wp-json\/wp\/v2\/product"}],"about":[{"href":"https:\/\/nautical.store\/fi\/wp-json\/wp\/v2\/types\/product"}],"wp:featuredmedia":[{"embeddable":true,"href":"https:\/\/nautical.store\/fi\/wp-json\/wp\/v2\/media\/98981"}],"wp:attachment":[{"href":"https:\/\/nautical.store\/fi\/wp-json\/wp\/v2\/media?parent=98988"}],"wp:term":[{"taxonomy":"pwb-brand","embeddable":true,"href":"https:\/\/nautical.store\/fi\/wp-json\/wp\/v2\/pwb-brand?post=98988"},{"taxonomy":"product_brand","embeddable":true,"href":"https:\/\/nautical.store\/fi\/wp-json\/wp\/v2\/product_brand?post=98988"},{"taxonomy":"product_cat","embeddable":true,"href":"https:\/\/nautical.store\/fi\/wp-json\/wp\/v2\/product_cat?post=98988"},{"taxonomy":"product_tag","embeddable":true,"href":"https:\/\/nautical.store\/fi\/wp-json\/wp\/v2\/product_tag?post=98988"},{"taxonomy":"woo-feed-brand","embeddable":true,"href":"https:\/\/nautical.store\/fi\/wp-json\/wp\/v2\/woo-feed-brand?post=98988"}],"curies":[{"name":"wp","href":"https:\/\/api.w.org\/{rel}","templated":true}]}}