{"id":99114,"date":"2026-05-13T22:15:38","date_gmt":"2026-05-13T19:15:38","guid":{"rendered":"https:\/\/nautical.store\/toode\/pellep-arc-mesh-juoksutakki\/"},"modified":"2026-05-13T22:15:38","modified_gmt":"2026-05-13T19:15:38","slug":"pellep-arc-mesh-juoksutakki","status":"publish","type":"product","link":"https:\/\/nautical.store\/fi\/tuote\/pellep-arc-mesh-juoksutakki\/","title":{"rendered":"PelleP Arc Mesh Juoksutakki"},"content":{"rendered":"<p data-start=\"0\" data-end=\"491\">Kevyt ja tuulenpit\u00e4v\u00e4 juoksutakki aktiiviseen ulkoliikuntaan. Hengitt\u00e4v\u00e4t ja joustavat materiaalit auttavat pit\u00e4m\u00e4\u00e4n olon kuivana ja takaavat miellytt\u00e4v\u00e4n liikkumisvapauden niin juoksulenkeill\u00e4, mets\u00e4poluilla kuin p\u00e4ivitt\u00e4isess\u00e4 harjoittelussakin. Tuulenpit\u00e4v\u00e4 ripstop-kangas hartioissa, rinnassa, hihoissa ja hupussa suojaa viile\u00e4lt\u00e4 tuulelta, kun taas sivuilla ja sel\u00e4n alaosassa oleva joustava ja hyvin hengitt\u00e4v\u00e4 materiaali auttaa siirt\u00e4m\u00e4\u00e4n ylim\u00e4\u00e4r\u00e4isen l\u00e4mm\u00f6n ja kosteuden pois iholta.<\/p>\n<p data-start=\"493\" data-end=\"844\">Hupun joustava reunus pit\u00e4\u00e4 hupun paremmin paikoillaan, ja sel\u00e4n verkkokangasosa parantaa ilmanvaihtoa. Useat heijastavat yksityiskohdat lis\u00e4\u00e4v\u00e4t n\u00e4kyvyytt\u00e4 h\u00e4m\u00e4r\u00e4ss\u00e4 ja pime\u00e4ll\u00e4 liikuttaessa. Kaksi vetoketjullista etutaskua pit\u00e4v\u00e4t t\u00e4rke\u00e4t tavarat turvallisesti mukana, ja laadukkaat YKK-vetoketjut takaavat kest\u00e4v\u00e4n ja miellytt\u00e4v\u00e4n k\u00e4ytt\u00f6kokemuksen.<\/p>\n<p data-start=\"846\" data-end=\"867\">Istuvuus: Regular fit<\/p>\n<p data-start=\"869\" data-end=\"891\">Tuotteen ominaisuudet:<\/p>\n<ul data-start=\"892\" data-end=\"1284\">\n<li data-section-id=\"v9hl33\" data-start=\"892\" data-end=\"929\">Kevyt ja tuulenpit\u00e4v\u00e4 juoksutakki<\/li>\n<li data-section-id=\"15c4976\" data-start=\"930\" data-end=\"992\">Tuulenpit\u00e4v\u00e4 ripstop-kangas yl\u00e4osassa, hihoissa ja hupussa<\/li>\n<li data-section-id=\"1e7cxrk\" data-start=\"993\" data-end=\"1052\">Hengitt\u00e4v\u00e4 ja joustava materiaali sivuilla ja alaosassa<\/li>\n<li data-section-id=\"58o5zj\" data-start=\"1053\" data-end=\"1116\">Verkkokangasdetaili sel\u00e4n keskiosassa parantaa ilmanvaihtoa<\/li>\n<li data-section-id=\"1wvhbsl\" data-start=\"1117\" data-end=\"1158\">Kiinte\u00e4 huppu joustavalla reunuksella<\/li>\n<li data-section-id=\"qjw8to\" data-start=\"1159\" data-end=\"1194\">Kaksi vetoketjullista etutaskua<\/li>\n<li data-section-id=\"1usdofy\" data-start=\"1195\" data-end=\"1233\">YKK-vetoketjut edess\u00e4 ja taskuissa<\/li>\n<li data-section-id=\"j2o8v6\" data-start=\"1234\" data-end=\"1284\">Heijastavat logot rinnassa, hupussa ja sel\u00e4ss\u00e4<\/li>\n<\/ul>\n<p data-start=\"1286\" data-end=\"1297\">Materiaali:<\/p>\n<ul data-start=\"1298\" data-end=\"1391\" data-is-last-node=\"\" data-is-only-node=\"\">\n<li data-section-id=\"kw4de2\" data-start=\"1298\" data-end=\"1318\">100 % polyesteri<\/li>\n<li data-section-id=\"balcng\" data-start=\"1319\" data-end=\"1355\">92 % polyesteri\u00e4, 8 % elastaania<\/li>\n<li data-section-id=\"117e5h3\" data-start=\"1356\" data-end=\"1391\" data-is-last-node=\"\">90 % polyesteri\u00e4, 10 % elastaania<\/li>\n<\/ul>\n","protected":false},"excerpt":{"rendered":"<p>Miesten kevyt treenitakki \u2013 hengitt\u00e4v\u00e4 ja nopeasti kuivuva<\/p>\n","protected":false},"featured_media":99105,"template":"","meta":{"_acf_changed":false},"pwb-brand":[838],"product_brand":[],"product_cat":[716,777,1259,702,682,609],"product_tag":[],"woo-feed-brand":[],"class_list":{"0":"post-99114","1":"product","2":"type-product","3":"status-publish","4":"has-post-thumbnail","6":"pwb-brand-pelle-petterson-fi","7":"product_cat-hupparit-ja-fleecet-miehet","8":"product_cat-miehet","9":"product_cat-miesten-golfvaatteet","10":"product_cat-paallysvaatteet-miehet","11":"product_cat-tekniset-vaatteet","12":"product_cat-uutuudet-miehet","14":"first","15":"instock","16":"taxable","17":"shipping-taxable","18":"purchasable","19":"product-type-variable","20":"wvs-archive-product-wrapper"},"acf":[],"brands":[{"id":838,"name":"Pelle Petterson","slug":"pelle-petterson-fi"}],"_links":{"self":[{"href":"https:\/\/nautical.store\/fi\/wp-json\/wp\/v2\/product\/99114","targetHints":{"allow":["GET"]}}],"collection":[{"href":"https:\/\/nautical.store\/fi\/wp-json\/wp\/v2\/product"}],"about":[{"href":"https:\/\/nautical.store\/fi\/wp-json\/wp\/v2\/types\/product"}],"wp:featuredmedia":[{"embeddable":true,"href":"https:\/\/nautical.store\/fi\/wp-json\/wp\/v2\/media\/99105"}],"wp:attachment":[{"href":"https:\/\/nautical.store\/fi\/wp-json\/wp\/v2\/media?parent=99114"}],"wp:term":[{"taxonomy":"pwb-brand","embeddable":true,"href":"https:\/\/nautical.store\/fi\/wp-json\/wp\/v2\/pwb-brand?post=99114"},{"taxonomy":"product_brand","embeddable":true,"href":"https:\/\/nautical.store\/fi\/wp-json\/wp\/v2\/product_brand?post=99114"},{"taxonomy":"product_cat","embeddable":true,"href":"https:\/\/nautical.store\/fi\/wp-json\/wp\/v2\/product_cat?post=99114"},{"taxonomy":"product_tag","embeddable":true,"href":"https:\/\/nautical.store\/fi\/wp-json\/wp\/v2\/product_tag?post=99114"},{"taxonomy":"woo-feed-brand","embeddable":true,"href":"https:\/\/nautical.store\/fi\/wp-json\/wp\/v2\/woo-feed-brand?post=99114"}],"curies":[{"name":"wp","href":"https:\/\/api.w.org\/{rel}","templated":true}]}}