{"id":99153,"date":"2026-05-14T22:51:01","date_gmt":"2026-05-14T19:51:01","guid":{"rendered":"https:\/\/nautical.store\/toode\/pelle-p-vedenpitava-duffelilaukku-pyorilla-110-l\/"},"modified":"2026-05-14T23:13:52","modified_gmt":"2026-05-14T20:13:52","slug":"pelle-p-vedenpitava-duffelilaukku-pyorilla-110-l","status":"publish","type":"product","link":"https:\/\/nautical.store\/fi\/tuote\/pelle-p-vedenpitava-duffelilaukku-pyorilla-110-l\/","title":{"rendered":"Pelle P Vedenpit\u00e4v\u00e4 Duffelilaukku Py\u00f6rill\u00e4 \u2013 110 L"},"content":{"rendered":"<p data-start=\"0\" data-end=\"274\">Paljon matkatavaroita? T\u00e4m\u00e4 laukku on tehty juuri siihen tarkoitukseen. Pelle P -urheilulaukku on valmistettu kest\u00e4v\u00e4st\u00e4 ja vedenpit\u00e4v\u00e4st\u00e4 materiaalista, ja sen py\u00f6r\u00e4t tekev\u00e4t kuljettamisesta mahdollisimman helppoa. Vaikeakulkuisessa maastossa voit k\u00e4ytt\u00e4\u00e4 my\u00f6s olkahihnoja.<\/p>\n<pre data-start=\"276\" data-end=\"293\">Ominaisuudet<\/pre>\n<ul data-start=\"294\" data-end=\"528\">\n<li data-section-id=\"n6d63c\" data-start=\"294\" data-end=\"331\">Kest\u00e4v\u00e4 ja vedenpit\u00e4v\u00e4 materiaali<\/li>\n<li data-section-id=\"1uu8b87\" data-start=\"332\" data-end=\"368\">Py\u00f6r\u00e4t helpottavat kuljettamista<\/li>\n<li data-section-id=\"9msdvm\" data-start=\"369\" data-end=\"407\">Rullattava sulku kiinnityssoljilla<\/li>\n<li data-section-id=\"1ybi1rk\" data-start=\"408\" data-end=\"439\">S\u00e4\u00e4dett\u00e4v\u00e4 teleskooppikahva<\/li>\n<li data-section-id=\"iu9dp2\" data-start=\"440\" data-end=\"455\">Kantokahvat<\/li>\n<li data-section-id=\"177zf1t\" data-start=\"456\" data-end=\"502\">Kompressiohihnat tehokkaaseen pakkaamiseen<\/li>\n<li data-section-id=\"dkgkmj\" data-start=\"503\" data-end=\"528\">Pelle P -logopainatus<\/li>\n<\/ul>\n<pre data-start=\"530\" data-end=\"552\">Mitat ja tilavuus<\/pre>\n<ul data-start=\"553\" data-end=\"616\" data-is-last-node=\"\" data-is-only-node=\"\">\n<li data-section-id=\"1rn1zje\" data-start=\"553\" data-end=\"570\">Pituus: 80 cm<\/li>\n<li data-section-id=\"1e4o6eh\" data-start=\"571\" data-end=\"598\">Korkeus avattuna: 70 cm<\/li>\n<li data-section-id=\"17nv9sr\" data-start=\"599\" data-end=\"616\" data-is-last-node=\"\">Tilavuus: 110 l<\/li>\n<\/ul>\n","protected":false},"excerpt":{"rendered":"<p>Vedenpit\u00e4v\u00e4 Purjehdus Duffelilaukku Py\u00f6rill\u00e4 110 L<\/p>\n","protected":false},"featured_media":99148,"template":"","meta":{"_acf_changed":false},"pwb-brand":[838],"product_brand":[],"product_cat":[926,628,629,588,609],"product_tag":[],"woo-feed-brand":[],"class_list":{"0":"post-99153","1":"product","2":"type-product","3":"status-publish","4":"has-post-thumbnail","6":"pwb-brand-pelle-petterson-fi","7":"product_cat-asusteet-fi","8":"product_cat-asusteet","9":"product_cat-asusteet-naiset","10":"product_cat-uutuudet","11":"product_cat-uutuudet-miehet","13":"first","14":"instock","15":"taxable","16":"shipping-taxable","17":"purchasable","18":"product-type-simple"},"acf":[],"brands":[{"id":838,"name":"Pelle Petterson","slug":"pelle-petterson-fi"}],"_links":{"self":[{"href":"https:\/\/nautical.store\/fi\/wp-json\/wp\/v2\/product\/99153","targetHints":{"allow":["GET"]}}],"collection":[{"href":"https:\/\/nautical.store\/fi\/wp-json\/wp\/v2\/product"}],"about":[{"href":"https:\/\/nautical.store\/fi\/wp-json\/wp\/v2\/types\/product"}],"wp:featuredmedia":[{"embeddable":true,"href":"https:\/\/nautical.store\/fi\/wp-json\/wp\/v2\/media\/99148"}],"wp:attachment":[{"href":"https:\/\/nautical.store\/fi\/wp-json\/wp\/v2\/media?parent=99153"}],"wp:term":[{"taxonomy":"pwb-brand","embeddable":true,"href":"https:\/\/nautical.store\/fi\/wp-json\/wp\/v2\/pwb-brand?post=99153"},{"taxonomy":"product_brand","embeddable":true,"href":"https:\/\/nautical.store\/fi\/wp-json\/wp\/v2\/product_brand?post=99153"},{"taxonomy":"product_cat","embeddable":true,"href":"https:\/\/nautical.store\/fi\/wp-json\/wp\/v2\/product_cat?post=99153"},{"taxonomy":"product_tag","embeddable":true,"href":"https:\/\/nautical.store\/fi\/wp-json\/wp\/v2\/product_tag?post=99153"},{"taxonomy":"woo-feed-brand","embeddable":true,"href":"https:\/\/nautical.store\/fi\/wp-json\/wp\/v2\/woo-feed-brand?post=99153"}],"curies":[{"name":"wp","href":"https:\/\/api.w.org\/{rel}","templated":true}]}}